{"id":50377,"date":"2021-10-01T04:17:46","date_gmt":"2021-10-01T04:17:46","guid":{"rendered":"https:\/\/bertolini.2fcom.me\/azienda\/"},"modified":"2022-06-22T15:26:31","modified_gmt":"2022-06-22T15:26:31","slug":"company","status":"publish","type":"page","link":"https:\/\/bcompany.it\/en\/company\/","title":{"rendered":"Company"},"content":{"rendered":"<p>[et_pb_section fb_built=&#8221;1&#8243; _builder_version=&#8221;4.10.8&#8243; _module_preset=&#8221;default&#8221; background_color=&#8221;#094d9b&#8221; use_background_color_gradient=&#8221;on&#8221; background_color_gradient_start=&#8221;rgba(0,102,179,0.76)&#8221; background_color_gradient_end=&#8221;rgba(9,77,155,0.93)&#8221; background_color_gradient_overlays_image=&#8221;on&#8221; background_image=&#8221;https:\/\/bcompany.it\/wp-content\/uploads\/2021\/09\/pattern-white.png&#8221; custom_padding=&#8221;42px||15px|||&#8221; locked=&#8221;off&#8221; global_colors_info=&#8221;{}&#8221;][et_pb_row _builder_version=&#8221;4.10.6&#8243; _module_preset=&#8221;default&#8221; global_colors_info=&#8221;{}&#8221;][et_pb_column type=&#8221;4_4&#8243; _builder_version=&#8221;4.10.6&#8243; _module_preset=&#8221;default&#8221; global_colors_info=&#8221;{}&#8221;][et_pb_text _builder_version=&#8221;4.11.0&#8243; _dynamic_attributes=&#8221;content&#8221; text_font=&#8221;|700||on|||||&#8221; text_text_color=&#8221;#FFFFFF&#8221; text_font_size=&#8221;42px&#8221; header_font=&#8221;Poppins|600||on|||||&#8221; header_text_color=&#8221;#FFFFFF&#8221; header_font_size=&#8221;56px&#8221; header_line_height=&#8221;1.4em&#8221; header_3_font=&#8221;Poppins|600||on|||||&#8221; header_3_text_color=&#8221;#0b7834&#8243; header_3_font_size=&#8221;74px&#8221; header_3_line_height=&#8221;1.4em&#8221; custom_margin=&#8221;||14px|||&#8221; header_text_shadow_style=&#8221;preset4&#8243; header_text_shadow_vertical_length=&#8221;0.05em&#8221; header_text_shadow_color=&#8221;rgba(0,0,0,0.89)&#8221; header_3_text_shadow_style=&#8221;preset4&#8243; header_3_text_shadow_vertical_length=&#8221;0.05em&#8221; header_3_text_shadow_color=&#8221;rgba(0,0,0,0.89)&#8221; global_colors_info=&#8221;{}&#8221;]@ET-DC@eyJkeW5hbWljIjp0cnVlLCJjb250ZW50IjoicG9zdF90aXRsZSIsInNldHRpbmdzIjp7ImJlZm9yZSI6IiIsImFmdGVyIjoiIn19@[\/et_pb_text][\/et_pb_column][\/et_pb_row][\/et_pb_section][et_pb_section fb_built=&#8221;1&#8243; _builder_version=&#8221;4.11.0&#8243; _module_preset=&#8221;default&#8221; custom_padding=&#8221;35px|||||&#8221; global_colors_info=&#8221;{}&#8221;][et_pb_row _builder_version=&#8221;4.11.0&#8243; _module_preset=&#8221;default&#8221; global_colors_info=&#8221;{}&#8221; custom_padding=&#8221;5px|||||&#8221;][et_pb_column type=&#8221;4_4&#8243; _builder_version=&#8221;4.11.0&#8243; _module_preset=&#8221;default&#8221; global_colors_info=&#8221;{}&#8221;][et_pb_text _builder_version=&#8221;4.11.0&#8243; _module_preset=&#8221;default&#8221; text_font=&#8221;|300|||||||&#8221; header_3_font=&#8221;|600|||||||&#8221; header_3_text_color=&#8221;#0066b3&#8243; global_colors_info=&#8221;{}&#8221;]<\/p>\n<h3>Chi siamo<\/h3>\n<p>La <strong>B&amp;C<\/strong> srl \u00e8 stata costituita nel 2001 da tre soci fondatori provenienti da diverse realt\u00e0 operanti nella progettazione di torce per raffineria e nell&#8217;impiantistica.<br \/>\nHa potuto cos\u00ec avvalersi dell&#8217;enorme background accumulato in oltre 35 anni di esperienza nei settori Chimico, Petrolchimico e Power.<\/p>\n<p>Questi anni di attivit\u00e0 hanno visto la B&amp;C progettare per diversi Clienti, alcune delle torce smontabili pi\u00f9 alte al mondo (200m) e senz&#8217;altro tra le pi\u00f9 impegnative visti il numero ed il diametro dei risers coinvolti, specializzandosi inoltre nella progettazione di torce smontabili, con risers assistiti ad aria.<\/p>\n<p>Tutti i nostri progetti vengono eseguiti mediante una modellazione ad Elementi Finiti che consente il miglior sfruttamento del materiale e la limitazione del peso proprio strutturale.<br \/>\nNei suoi anni di attivit\u00e0 la <strong>B&amp;C<\/strong> ha altres\u00ec allargato il proprio campo di azione occupandosi anche della progettazione di strutture in cemento armato ed in acciaio legate all&#8217;impiantistica, di fondazioni speciali per turbine e compressori, di serbatoi in pressione e di transfer lines.<\/p>\n<p>Una particolare attenzione \u00e8 stata data all&#8217;attivit\u00e0 di montaggio specialmente nel campo delle torce di raffineria. Con un team di esperti montatori, la B&amp;C si \u00e8 fatta conoscere in campo internazionale ricavandone indiscussi apprezzamenti. Avvalendosi di avanzati programmi di calcolo e di disegno tridimensionale, \u00e8 attualmente all&#8217;avanguardia nel settore della progettazione strutturale, riuscendo a garantire ai propri Clienti strutture sempre pi\u00f9 funzionali, sia in fase di montaggio che di manutenzione.<\/p>\n<p>Funzionalit\u00e0, limitazione del peso, facilit\u00e0 di montaggio e di manutenzione, sono gli scopi della nostra attivit\u00e0 quotidiana.[\/et_pb_text][\/et_pb_column][\/et_pb_row][et_pb_row column_structure=&#8221;1_5,1_5,3_5&#8243; _builder_version=&#8221;4.11.0&#8243; _module_preset=&#8221;default&#8221; custom_padding=&#8221;4px|||||&#8221; global_colors_info=&#8221;{}&#8221;][et_pb_column type=&#8221;1_5&#8243; _builder_version=&#8221;4.11.0&#8243; _module_preset=&#8221;default&#8221; global_colors_info=&#8221;{}&#8221;][et_pb_button button_url=&#8221;https:\/\/bcompany.it\/wp-content\/uploads\/2021\/10\/Brochure2016.pdf&#8221; button_text=&#8221;Scarica la brochure&#8221; _builder_version=&#8221;4.11.0&#8243; custom_button=&#8221;on&#8221; button_text_size=&#8221;18px&#8221; button_text_color=&#8221;#FFFFFF&#8221; button_bg_color=&#8221;#0066b3&#8243; button_border_color=&#8221;#0066b3&#8243; button_font=&#8221;Roboto||||||||&#8221; custom_margin=&#8221;6px||||false|false&#8221; custom_padding=&#8221;12px|42px|12px|32px|true|false&#8221; locked=&#8221;off&#8221; global_colors_info=&#8221;{}&#8221; button_text_color__hover_enabled=&#8221;on|hover&#8221; button_text_color__hover=&#8221;#000000&#8243; button_bg_color__hover_enabled=&#8221;on|hover&#8221; button_bg_color__hover=&#8221;#EEEDE4&#8243; button_bg_enable_color__hover=&#8221;on&#8221; button_border_color__hover_enabled=&#8221;on|hover&#8221; button_border_color__hover=&#8221;#EEEDE4&#8243; button_letter_spacing__hover_enabled=&#8221;on|desktop&#8221; button_letter_spacing__hover=&#8221;0px&#8221;][\/et_pb_button][\/et_pb_column][et_pb_column type=&#8221;1_5&#8243; _builder_version=&#8221;4.11.0&#8243; _module_preset=&#8221;default&#8221; global_colors_info=&#8221;{}&#8221;][et_pb_button button_url=&#8221;https:\/\/bcompany.it\/wp-content\/uploads\/2021\/10\/CTJV_Gazette.pdf&#8221; button_text=&#8221;Dicono di noi&#8221; _builder_version=&#8221;4.11.0&#8243; custom_button=&#8221;on&#8221; button_text_size=&#8221;18px&#8221; button_text_color=&#8221;#FFFFFF&#8221; button_bg_color=&#8221;#0066b3&#8243; button_border_color=&#8221;#0066b3&#8243; button_font=&#8221;Roboto||||||||&#8221; custom_margin=&#8221;6px||||false|false&#8221; custom_padding=&#8221;12px|42px|12px|32px|true|false&#8221; locked=&#8221;off&#8221; global_colors_info=&#8221;{}&#8221; button_text_color__hover_enabled=&#8221;on|hover&#8221; button_text_color__hover=&#8221;#000000&#8243; button_bg_color__hover_enabled=&#8221;on|hover&#8221; button_bg_color__hover=&#8221;#EEEDE4&#8243; button_bg_enable_color__hover=&#8221;on&#8221; button_border_color__hover_enabled=&#8221;on|hover&#8221; button_border_color__hover=&#8221;#EEEDE4&#8243; button_letter_spacing__hover_enabled=&#8221;on|desktop&#8221; button_letter_spacing__hover=&#8221;0px&#8221;][\/et_pb_button][\/et_pb_column][et_pb_column type=&#8221;3_5&#8243; disabled_on=&#8221;on|on|on&#8221; _builder_version=&#8221;4.11.0&#8243; _module_preset=&#8221;default&#8221; disabled=&#8221;on&#8221; global_colors_info=&#8221;{}&#8221;][\/et_pb_column][\/et_pb_row][et_pb_row _builder_version=&#8221;4.11.0&#8243; _module_preset=&#8221;default&#8221; global_colors_info=&#8221;{}&#8221;][et_pb_column type=&#8221;4_4&#8243; _builder_version=&#8221;4.11.0&#8243; _module_preset=&#8221;default&#8221; global_colors_info=&#8221;{}&#8221;][et_pb_text _builder_version=&#8221;4.11.0&#8243; _module_preset=&#8221;default&#8221; text_font=&#8221;|300|||||||&#8221; header_3_font=&#8221;|600|||||||&#8221; header_3_text_color=&#8221;#0066b3&#8243; global_colors_info=&#8221;{}&#8221;]<\/p>\n<h3>Zeeco<\/h3>\n<p><strong>Zeeco<\/strong> \u00e8 un leader mondiale nella progettazione e costruzione di apparecchiature di nuova generazione per la combustione e di sistemi ambientali avanzati.<br \/>Le apparecchiature <strong>Zeeco<\/strong> svolgono ruoli critici nella raffinazione, nella produzione, nella produzione di energia, nell\u2019 LNG, nel biogas, nell\u2019industria farmaceutica ed in altri ambiti, in tutto il mondo.<\/p>\n<p>La sede centrale della <strong>Zeeco<\/strong> \u00e8 situata a Broken Arrow, nei pressi di Tulsa &#8211; Oklaoma (USA) &#8211; ma opera in pi\u00f9 di 20 paesi, si dedica alla ricerca ed alla sperimentazione, pu\u00f2 contare su quattro unit\u00e0 di fabbricazione dislocate strategicamente, su pi\u00f9 di 1300 tra agenti e dipendenti e su migliaia di installazioni in ogni continente.<\/p>\n<p>[\/et_pb_text][\/et_pb_column][\/et_pb_row][et_pb_row _builder_version=&#8221;4.11.0&#8243; _module_preset=&#8221;default&#8221; custom_padding=&#8221;8px||20px|||&#8221; global_colors_info=&#8221;{}&#8221;][et_pb_column type=&#8221;4_4&#8243; _builder_version=&#8221;4.11.0&#8243; _module_preset=&#8221;default&#8221; global_colors_info=&#8221;{}&#8221;][et_pb_text _builder_version=&#8221;4.11.0&#8243; _module_preset=&#8221;default&#8221; text_font=&#8221;|300|||||||&#8221; header_3_font=&#8221;|600|||||||&#8221; header_3_text_color=&#8221;#0066b3&#8243; global_colors_info=&#8221;{}&#8221;]<\/p>\n<h3>Qualit\u00e0<\/h3>\n<p>B&#038;C ha intrapreso il cammino per il raggiungimento della certificazione ISO 9001:2015.[\/et_pb_text][et_pb_button button_url=&#8221;https:\/\/bcompany.it\/&#8221; button_text=&#8221;Torna alla home&#8221; _builder_version=&#8221;4.11.1&#8243; custom_button=&#8221;on&#8221; button_text_size=&#8221;18px&#8221; button_text_color=&#8221;#FFFFFF&#8221; button_bg_color=&#8221;#0066b3&#8243; button_border_color=&#8221;#0066b3&#8243; button_font=&#8221;Roboto||||||||&#8221; custom_margin=&#8221;6px||||false|false&#8221; custom_padding=&#8221;12px|42px|12px|32px|true|false&#8221; hover_enabled=&#8221;0&#8243; locked=&#8221;off&#8221; global_colors_info=&#8221;{}&#8221; button_text_color__hover_enabled=&#8221;on|hover&#8221; button_text_color__hover=&#8221;#000000&#8243; button_bg_color__hover_enabled=&#8221;on|hover&#8221; button_bg_color__hover=&#8221;#EEEDE4&#8243; button_bg_enable_color__hover=&#8221;on&#8221; button_border_color__hover_enabled=&#8221;on|hover&#8221; button_border_color__hover=&#8221;#EEEDE4&#8243; button_letter_spacing__hover_enabled=&#8221;on|desktop&#8221; button_letter_spacing__hover=&#8221;0px&#8221; sticky_enabled=&#8221;0&#8243;][\/et_pb_button][\/et_pb_column][\/et_pb_row][\/et_pb_section]<\/p>\n","protected":false},"excerpt":{"rendered":"<p>Chi siamo La B&amp;C srl \u00e8 stata costituita nel 2001 da tre soci fondatori provenienti da diverse realt\u00e0 operanti nella progettazione di torce per raffineria e nell&#8217;impiantistica. Ha potuto cos\u00ec avvalersi dell&#8217;enorme background accumulato in oltre 35 anni di esperienza nei settori Chimico, Petrolchimico e Power. Questi anni di attivit\u00e0 hanno visto la B&amp;C progettare per diversi Clienti, alcune delle torce smontabili pi\u00f9 alte al mondo (200m) e senz&#8217;altro tra le pi\u00f9 impegnative visti il numero ed il diametro dei risers coinvolti, specializzandosi inoltre nella progettazione di torce smontabili, con risers assistiti ad aria. Tutti i nostri progetti vengono eseguiti mediante una modellazione ad Elementi Finiti che consente il miglior sfruttamento del materiale e la limitazione del peso proprio strutturale. Nei suoi anni di attivit\u00e0 la B&amp;C ha altres\u00ec allargato il proprio campo di azione occupandosi anche della progettazione di strutture in cemento armato ed in acciaio legate all&#8217;impiantistica, di fondazioni speciali per turbine e compressori, di serbatoi in pressione e di transfer lines. Una particolare attenzione \u00e8 stata data all&#8217;attivit\u00e0 di montaggio specialmente nel campo delle torce di raffineria. Con un team di esperti montatori, la B&amp;C si \u00e8 fatta conoscere in campo internazionale ricavandone indiscussi apprezzamenti. Avvalendosi di [&hellip;]<\/p>\n","protected":false},"author":1,"featured_media":0,"parent":0,"menu_order":0,"comment_status":"closed","ping_status":"closed","template":"","meta":{"_et_pb_use_builder":"on","_et_pb_old_content":"","_et_gb_content_width":"","footnotes":""},"class_list":["post-50377","page","type-page","status-publish","hentry"],"_links":{"self":[{"href":"https:\/\/bcompany.it\/en\/wp-json\/wp\/v2\/pages\/50377","targetHints":{"allow":["GET"]}}],"collection":[{"href":"https:\/\/bcompany.it\/en\/wp-json\/wp\/v2\/pages"}],"about":[{"href":"https:\/\/bcompany.it\/en\/wp-json\/wp\/v2\/types\/page"}],"author":[{"embeddable":true,"href":"https:\/\/bcompany.it\/en\/wp-json\/wp\/v2\/users\/1"}],"replies":[{"embeddable":true,"href":"https:\/\/bcompany.it\/en\/wp-json\/wp\/v2\/comments?post=50377"}],"version-history":[{"count":0,"href":"https:\/\/bcompany.it\/en\/wp-json\/wp\/v2\/pages\/50377\/revisions"}],"wp:attachment":[{"href":"https:\/\/bcompany.it\/en\/wp-json\/wp\/v2\/media?parent=50377"}],"curies":[{"name":"wp","href":"https:\/\/api.w.org\/{rel}","templated":true}]}}